{"id":225,"date":"2014-11-27T09:56:52","date_gmt":"2014-11-27T08:56:52","guid":{"rendered":"http:\/\/sosastconfezioni.com\/demo\/?page_id=225"},"modified":"2026-04-21T08:25:21","modified_gmt":"2026-04-21T07:25:21","slug":"contatti","status":"publish","type":"page","link":"https:\/\/ttetunisie.com\/it\/contatti\/","title":{"rendered":"Contatti"},"content":{"rendered":"<h2 style=\"text-align: justify;\">Non esitate a contattarci per qualsiasi informazione; la nostra squadra \u00e8 a vostra disposizione e vi risponder\u00e0 nel pi\u00f9 breve tempo possibile.<\/h2>\n<h3 style=\"text-align: justify;\">TELEFONO: +216 27982588 (anche su whatsapp)<\/h3>\n<h3 style=\"text-align: justify;\">EMAIL: sara@tex-moda.com<\/h3>\n<h3 style=\"text-align: justify;\">Coordinate<\/h3>\n<h4>T.T.E. TUNISIE Confezioni<\/h4>\n<h3 style=\"text-align: justify;\">36\u00b0 22&#8242; 51&#8243; N<\/h3>\n<h3 style=\"text-align: justify;\">009\u00b0 54&#8242; 30&#8243; E<\/h3>\n<p style=\"text-align: center;\"><iframe loading=\"lazy\" style=\"border: 0;\" tabindex=\"0\" src=\"https:\/\/www.google.com\/maps\/embed?pb=!1m14!1m8!1m3!1d12848.683195328467!2d9.908312!3d36.3808591!3m2!1i1024!2i768!4f13.1!3m3!1m2!1s0x0%3A0xfbc552fa52fab655!2sSO.SA.ST.%20Confezioni!5e0!3m2!1sit!2stn!4v1613398389879!5m2!1sit!2stn\" width=\"600\" height=\"450\" frameborder=\"0\" allowfullscreen=\"allowfullscreen\" aria-hidden=\"false\"><\/iframe><\/p>\n<h3 style=\"text-align: center;\">Guarda il video della nostra azienda qui<\/h3>\n<p style=\"text-align: center;\"><iframe loading=\"lazy\" src=\"https:\/\/www.youtube.com\/embed\/E80Je2rdkiQ\" width=\"560\" height=\"315\" frameborder=\"0\" allowfullscreen=\"allowfullscreen\"><\/iframe><\/p>\n","protected":false},"excerpt":{"rendered":"<p>Non esitate a contattarci per qualsiasi informazione; la nostra squadra \u00e8 a vostra disposizione e vi risponder\u00e0 nel pi\u00f9 breve tempo possibile. TELEFONO: +216 27982588 (anche su whatsapp) EMAIL: sara@tex-moda.com Coordinate T.T.E. TUNISIE Confezioni 36\u00b0 22&#8242; 51&#8243; N 009\u00b0 54&#8242; 30&#8243; E Guarda il video della nostra azienda qui<\/p>\n","protected":false},"author":3,"featured_media":0,"parent":0,"menu_order":0,"comment_status":"open","ping_status":"closed","template":"contact.php","meta":{"_acf_changed":false,"footnotes":""},"class_list":["post-225","page","type-page","status-publish","hentry"],"acf":[],"_links":{"self":[{"href":"https:\/\/ttetunisie.com\/it\/wp-json\/wp\/v2\/pages\/225","targetHints":{"allow":["GET"]}}],"collection":[{"href":"https:\/\/ttetunisie.com\/it\/wp-json\/wp\/v2\/pages"}],"about":[{"href":"https:\/\/ttetunisie.com\/it\/wp-json\/wp\/v2\/types\/page"}],"author":[{"embeddable":true,"href":"https:\/\/ttetunisie.com\/it\/wp-json\/wp\/v2\/users\/3"}],"replies":[{"embeddable":true,"href":"https:\/\/ttetunisie.com\/it\/wp-json\/wp\/v2\/comments?post=225"}],"version-history":[{"count":11,"href":"https:\/\/ttetunisie.com\/it\/wp-json\/wp\/v2\/pages\/225\/revisions"}],"predecessor-version":[{"id":1911,"href":"https:\/\/ttetunisie.com\/it\/wp-json\/wp\/v2\/pages\/225\/revisions\/1911"}],"wp:attachment":[{"href":"https:\/\/ttetunisie.com\/it\/wp-json\/wp\/v2\/media?parent=225"}],"curies":[{"name":"wp","href":"https:\/\/api.w.org\/{rel}","templated":true}]}}